{"id":5,"date":"2021-12-03T16:05:09","date_gmt":"2021-12-03T16:05:09","guid":{"rendered":"https:\/\/websitebuilder-demo.net\/creed\/?page_id=5"},"modified":"2026-04-06T10:36:11","modified_gmt":"2026-04-06T16:36:11","slug":"demo-home","status":"publish","type":"page","link":"https:\/\/nuevafe.org\/he\/","title":{"rendered":"Home"},"content":{"rendered":"<div class=\"brz-root__container brz-reset-all brz brz-root__container-page\">\n<section id=\"_webxalnikxlupwokauncfqyycimxnmabwkks\" class=\"brz-section brz-css-9hahpt brz-css-1u88dcs\">\n<div class=\"brz-slick-slider brz-slick-slider__section\" data-slides-to-show=\"1\" data-slides-to-scroll=\"1\" data-arrows=\"true\" data-dots=\"true\" data-dots-class=\"brz-slick-slider__dots brz-slick-slider__dots--diamond\" data-fade=\"false\" data-vertical=\"false\" data-auto-play=\"true\" data-auto-play-speed=\"3000\" data-animation-speed=\"500\" data-swipe=\"true\" data-responsive=\"%5B%7B%22breakpoint%22%3A767%2C%22settings%22%3A%7B%22slidesToShow%22%3A1%2C%22slidesToScroll%22%3A1%7D%7D%5D\">\n<div>\n<div class=\"brz-section__content brz-section--boxed brz-css-11ilvpp brz-css-5zl8md\" data-brz-custom-id=\"sxiwjiabnrlucvkkyrvxbkfpkslryziuyzjh\">\n<div class=\"brz-bg\">\n<div class=\"brz-bg-image\"><\/div>\n<div class=\"brz-bg-color\"><\/div>\n<\/div>\n<div class=\"brz-container brz-css-1g34b1t\">\n<div class=\"brz-row__container brz-css-8tu1bd\" data-brz-custom-id=\"utiwcfrxgbecxdtwcnwokyoeishzlaxkhhrn\">\n<div class=\"brz-bg\"><\/div>\n<div class=\"brz-row brz-css-1i3vwqm brz-css-pclal\">\n<div class=\"brz-columns brz-css-1nclk75 brz-css-y1nl0l\" data-brz-custom-id=\"stguolfkdkmngufifsdcaeorktyuxlhsxzah\">\n<div class=\"brz-bg\"><\/div>\n<div class=\"brz-column__items brz-css-x60ps4 brz-css-1sd6a6q\">\n<div id=\"\" data-brz-iteration-count=\"1\" class=\"brz-css-5dlm63 brz-css-17i5lyw brz-wrapper brz-animated brz-css-to27td brz-css-x0pez3\" data-animationid=\"vbgbbjvhlclwsqxkeidmenjmcmpgcbnrgzhi\">\n<div class=\"brz-rich-text brz-rich-text__custom brz-css-1ouqdek\" data-brz-custom-id=\"xpsavszadixpjojsonagtfctblmykpxrfjfs\">\n<div data-brz-translate-text=\"1\">\n<p class=\"brz-fs-xs-32 brz-text-xs-center brz-tp-lg-heading1 brz-lh-xs-1_3 brz-mb-lg-25 brz-text-lg-left brz-fs-sm-72 brz-fss-sm-px brz-fw-sm-200 brz-ls-sm-m_3_5 brz-lh-sm-1_3 brz-tp-sm-heading1 brz-mb-sm-0 brz-mt-sm-5 brz-css-h30v6\" data-uniq-id=\"crzxr\" data-generated-css=\"brz-css-ebsre\"><em class=\"brz-cp-color8\">Creemos en el Dios que habl\u00f3 primero.<\/em><\/p>\n<\/div>\n<\/div>\n<\/div>\n<div data-brz-iteration-count=\"1\" class=\"brz-wrapper-clone brz-css-1sj4pbv brz-css-1mxreyc brz-animated brz-css-1f0o8b5 brz-css-1b0b8mr\" data-animationid=\"lkhpikwbujxlzaxhumejuieaoxrcjeiivqfe\">\n<div class=\"brz-d-xs-flex brz-flex-xs-wrap brz-css-v0q186 brz-css-1ehwock\" data-brz-custom-id=\"\">\n<div class=\"brz-wrapper-clone__item\" id=\"jrgqftmzpvzmysqmckfprdsetlmfelczqdtx\"><a class=\"brz-a brz-btn brz-css-13k9ud3 brz-css-fnef8t brz-css-1av8d1 brz-css-1bxyq8f\" href=\"https:\/\/discord.gg\/Ahtd3rxBWA\" target=\"_blank\" rel=\"noopener nofollow\" data-brz-link-type=\"external\" data-brz-custom-id=\"jrgqftmzpvzmysqmckfprdsetlmfelczqdtx\"><span data-brz-translate-text=\"1\" class=\"brz-span brz-text__editor\">\u00daNETE A LA COMUNIDAD<\/span><\/a><\/div>\n<\/div>\n<\/div>\n<\/div>\n<\/div>\n<div class=\"brz-columns brz-css-1nclk75 brz-css-bo0z3y\" data-brz-custom-id=\"xlakiqdhxylxkdefunnimcnztxfzbpnrjoua\">\n<div class=\"brz-bg\"><\/div>\n<div class=\"brz-column__items brz-css-x60ps4 brz-css-1ojkl6\"><\/div>\n<\/div>\n<\/div>\n<\/div>\n<\/div>\n<\/div>\n<\/div>\n<\/div>\n<\/section>\n<section id=\"mision\" class=\"brz-section brz-css-9hahpt\">\n<div class=\"brz-section__content brz-section--boxed brz-css-11ilvpp brz-css-1yznkwm\" data-brz-custom-id=\"bjkyzwoeirphblntvzinocafimyhqerzpxtx\">\n<div class=\"brz-bg\">\n<div class=\"brz-bg-color\"><\/div>\n<\/div>\n<div class=\"brz-container brz-css-1g34b1t\">\n<div class=\"brz-row__container brz-css-8tu1bd\" data-brz-custom-id=\"icxeiggfkqrazlfgaahkmjaitxghnrwwlofn\">\n<div class=\"brz-bg\"><\/div>\n<div class=\"brz-row brz-css-1i3vwqm brz-css-pclal\">\n<div class=\"brz-columns brz-css-1nclk75 brz-css-127u6al\" data-brz-custom-id=\"wypikdjaydzuzzmillqxrkgkencdifmittsf\">\n<div class=\"brz-bg\"><\/div>\n<div class=\"brz-column__items brz-css-x60ps4\">\n<div id=\"\" class=\"brz-css-5dlm63 brz-wrapper\">\n<div class=\"brz-rich-text brz-rich-text__custom brz-css-1ouqdek\" data-brz-custom-id=\"rmghdmyxkinqlunhmcwsrjkzxioppqkuxwhe\">\n<div data-brz-translate-text=\"1\">\n<h5 data-generated-css=\"brz-css-wieur\" data-uniq-id=\"hqzkn\" class=\"brz-text-lg-justify brz-tp-lg-heading5 brz-css-fLTZF\"><span class=\"brz-cp-color7\">Nuestra misi\u00f3n<\/span><\/h5>\n<\/div>\n<\/div>\n<\/div>\n<\/div>\n<p><a class=\"brz-a brz-anchor brz-container-link\" href=\"#mision\" target=\"_self\" rel=\"noopener\" data-brz-link-type=\"anchor\"><\/a><\/div>\n<\/div>\n<\/div>\n<div class=\"brz-row__container brz-css-8tu1bd\" data-brz-custom-id=\"wvxajpzklkdxetvehnycluicjxlvogaiyixv\">\n<div class=\"brz-bg\"><\/div>\n<div class=\"brz-row brz-css-1i3vwqm brz-css-pclal\">\n<div class=\"brz-columns brz-css-1nclk75 brz-css-1sesgu5\" data-brz-custom-id=\"qcsruesdruhpkqodnjjhrycgegkjdykmmurc\">\n<div class=\"brz-bg\"><\/div>\n<div class=\"brz-column__items brz-css-x60ps4 brz-css-1t8jp4c\">\n<div id=\"\" class=\"brz-css-5dlm63 brz-wrapper\">\n<div class=\"brz-rich-text brz-rich-text__custom brz-css-1ouqdek\" data-brz-custom-id=\"fdglcqxxvxzxbxqmlbnmxohbarhcjljruxaa\">\n<div data-brz-translate-text=\"1\">\n<h4 class=\"brz-tp-lg-heading4 brz-text-xs-center brz-text-lg-justify brz-css-soIOJ\" data-uniq-id=\"mpock\" data-generated-css=\"brz-css-tgmoa\"><span class=\"brz-cp-color2\">Atar de nuevo lo que no debi\u00f3 ser desatado&#8230;<\/span><\/h4>\n<\/div>\n<\/div>\n<\/div>\n<\/div>\n<\/div>\n<div class=\"brz-columns brz-css-1nclk75 brz-css-1yvw4hx\" data-brz-custom-id=\"afgoirmdtqlfjscjgsxwslpkqpbgumczkvjj\">\n<div class=\"brz-bg\"><\/div>\n<div class=\"brz-column__items brz-css-x60ps4 brz-css-19f7dxs\">\n<div id=\"\" class=\"brz-css-5dlm63 brz-wrapper\">\n<div class=\"brz-image brz-css-1e6wyj brz-css-uxq4px\" data-brz-custom-id=\"ceqdpkmpuliytoujphmxszsiulpqsmrttnuw\"><img decoding=\"async\" class=\"brz-img brz-img-svg\" src=\"https:\/\/nuevafe.org\/wp-content\/uploads\/2023\/09\/fe-judia.svg\" alt=\"\" loading=\"lazy\"><\/div>\n<\/div>\n<div id=\"\" class=\"brz-css-5dlm63 brz-wrapper\">\n<div class=\"brz-rich-text brz-rich-text__custom brz-css-1ouqdek\" data-brz-custom-id=\"yexroxrkxjtzecdgmrkfgexudokhzxgrjwij\">\n<div data-brz-translate-text=\"1\">\n<h4 class=\"brz-text-xs-center brz-tp-lg-heading4 brz-text-lg-center brz-css-hp8e9\" data-uniq-id=\"bcaif\" data-generated-css=\"brz-css-ppooq\"><span class=\"brz-cp-color2\">Fe Jud\u00eda<\/span><\/h4>\n<\/div>\n<\/div>\n<\/div>\n<\/div>\n<\/div>\n<div class=\"brz-columns brz-css-1nclk75 brz-css-gnv2ts\" data-brz-custom-id=\"utfyusrtcokbihwnkhaoykiughmrgqfsqclf\">\n<div class=\"brz-bg\"><\/div>\n<div class=\"brz-column__items brz-css-x60ps4 brz-css-g7qgir\">\n<div id=\"\" class=\"brz-css-5dlm63 brz-wrapper\">\n<div class=\"brz-image brz-css-gpmls0 brz-css-jxgche\" data-brz-custom-id=\"ezocvuahujtcyccvowszudbnufmrednaknsb\"><img decoding=\"async\" class=\"brz-img brz-img-svg\" src=\"https:\/\/nuevafe.org\/wp-content\/uploads\/2023\/09\/fe-islamica.svg\" alt=\"\" loading=\"lazy\"><\/div>\n<\/div>\n<div id=\"\" class=\"brz-css-5dlm63 brz-wrapper\">\n<div class=\"brz-rich-text brz-rich-text__custom brz-css-1ouqdek\" data-brz-custom-id=\"qxlghjiimsscxenwsjerykdkknzijmcegbyg\">\n<div data-brz-translate-text=\"1\">\n<h4 class=\"brz-text-lg-center brz-tp-lg-heading4 brz-text-xs-center brz-css-kaviJ\" data-uniq-id=\"dfqrg\" data-generated-css=\"brz-css-mlerz\"><span class=\"brz-cp-color2\">Fe Isl\u00e1mica<\/span><\/h4>\n<\/div>\n<\/div>\n<\/div>\n<\/div>\n<\/div>\n<div class=\"brz-columns brz-css-1nclk75 brz-css-6pmd0m\" data-brz-custom-id=\"vfkqzlebukbkumxuninrjlnxaibfmutcxvbg\">\n<div class=\"brz-bg\"><\/div>\n<div class=\"brz-column__items brz-css-x60ps4 brz-css-10v6z3b\">\n<div id=\"\" class=\"brz-css-5dlm63 brz-wrapper\">\n<div class=\"brz-image brz-css-zw0n6v brz-css-1mp3uf8\" data-brz-custom-id=\"fftdynnqxdzzhdhdpakafftepnscuicqqqtb\"><img decoding=\"async\" class=\"brz-img brz-img-svg\" src=\"https:\/\/nuevafe.org\/wp-content\/uploads\/2023\/09\/fe-cristiana.svg\" alt=\"\" loading=\"lazy\"><\/div>\n<\/div>\n<div id=\"\" class=\"brz-css-5dlm63 brz-wrapper\">\n<div class=\"brz-rich-text brz-rich-text__custom brz-css-1ouqdek\" data-brz-custom-id=\"scmqvcowxbqqrndcbtptoiokyncdgbaowxks\">\n<div data-brz-translate-text=\"1\">\n<h4 class=\"brz-text-xs-center brz-tp-lg-heading4 brz-text-lg-center brz-css-cBizD\" data-uniq-id=\"juiip\" data-generated-css=\"brz-css-lvjyt\"><span class=\"brz-cp-color2\">Fe Cristiana<\/span><\/h4>\n<\/div>\n<\/div>\n<\/div>\n<\/div>\n<\/div>\n<\/div>\n<\/div>\n<\/div>\n<\/div>\n<\/section>\n<section id=\"accion\" class=\"brz-section brz-css-9hahpt\">\n<div class=\"brz-section__content brz-section--boxed brz-css-11ilvpp brz-css-hla2gx\" data-brz-custom-id=\"itdsstncczningnflufwiufxllvgpyveabcv\">\n<div class=\"brz-bg\">\n<div class=\"brz-bg-color\"><\/div>\n<\/div>\n<div class=\"brz-container brz-css-1g34b1t brz-css-1xyfou7\">\n<div id=\"\" class=\"brz-css-5dlm63 brz-css-oot0z9 brz-wrapper\">\n<div class=\"brz-rich-text brz-rich-text__custom brz-css-1ouqdek\" data-brz-custom-id=\"vryefbceberaljcfflvpeimifnjgboaxbrfr\">\n<div data-brz-translate-text=\"1\">\n<h2 data-uniq-id=\"lkqiq\" data-generated-css=\"brz-css-dqlpi\" class=\"brz-tp-lg-empty brz-ff-playfair_display brz-ft-google brz-fs-lg-100 brz-fss-lg-px brz-fw-lg-400 brz-ls-lg-m_0_5 brz-lh-lg-1_3 brz-mb-lg-0 brz-mt-lg-0 brz-css-uGyIQ\"><em class=\"brz-cp-color8\">Acci\u00f3n<\/em><\/h2>\n<\/div>\n<\/div>\n<\/div>\n<div class=\"brz-row__container brz-css-8tu1bd\" data-brz-custom-id=\"cvvbrscrikhztlhongvolpijcwehepzrevym\">\n<div class=\"brz-bg\"><\/div>\n<div class=\"brz-row brz-css-1i3vwqm brz-css-pclal\">\n<div class=\"brz-columns brz-css-1nclk75 brz-css-vlxlb0\" data-brz-custom-id=\"zosjozasxohzmtghvrqewldezbxefhxtgboq\">\n<div class=\"brz-bg\"><\/div>\n<div class=\"brz-column__items brz-css-x60ps4 brz-css-9z1x80\">\n<div id=\"\" class=\"brz-css-5dlm63 brz-wrapper\">\n<div class=\"brz-rich-text brz-rich-text__custom brz-css-1ouqdek\" data-brz-custom-id=\"klwwoiqpjoibamtkjzpiddguwrxoadsxsxvf\">\n<div data-brz-translate-text=\"1\">\n<h3 class=\"brz-tp-lg-heading3 brz-css-jmrBM\" data-generated-css=\"brz-css-pyhsi\" data-uniq-id=\"mfpvn\"><span class=\"brz-cp-color3\">Paso 1<\/span><\/h3>\n<\/div>\n<\/div>\n<\/div>\n<div id=\"\" class=\"brz-css-5dlm63 brz-wrapper\">\n<div class=\"brz-rich-text brz-rich-text__custom brz-css-1ouqdek\" data-brz-custom-id=\"kcocikvrjzzfcjuxtqidbzvdchzlimndrpgv\">\n<div data-brz-translate-text=\"1\">\n<p class=\"brz-tp-lg-paragraph brz-css-yEgL0\" data-uniq-id=\"bwyjw\" data-generated-css=\"brz-css-bdvvw\"><span>\u00danete al servidor de Nueva Fe en Discord e identifica comunidades de acuerdo a tu religi\u00f3n.<\/span><\/p>\n<\/div>\n<\/div>\n<\/div>\n<div id=\"\" class=\"brz-css-5dlm63 brz-css-18oqv22 brz-css-y5gmuf brz-wrapper\">\n<div class=\"brz-spacer brz-css-wy3o88 brz-css-jbvund\"><\/div>\n<\/div>\n<div class=\"brz-wrapper-clone brz-css-1sj4pbv\">\n<div class=\"brz-d-xs-flex brz-flex-xs-wrap brz-css-v0q186 brz-css-1oict5a\" data-brz-custom-id=\"\">\n<div class=\"brz-wrapper-clone__item\" id=\"uigtbrnbfydvduzkwnkmpfongtmikkczippe\"><a class=\"brz-a brz-btn brz-css-13k9ud3 brz-css-1grw3wz brz-css-1av8d1 brz-css-bmtq6q\" href=\"https:\/\/discord.gg\/Ahtd3rxBWA\" target=\"_blank\" rel=\"noopener nofollow\" data-brz-link-type=\"external\" data-brz-custom-id=\"uigtbrnbfydvduzkwnkmpfongtmikkczippe\"><span data-brz-translate-text=\"1\" class=\"brz-span brz-text__editor\">\u00danete hoy<\/span><\/a><\/div>\n<\/div>\n<\/div>\n<\/div>\n<\/div>\n<div class=\"brz-columns brz-css-1nclk75 brz-css-kx2hk5\" data-brz-custom-id=\"wkzrsrkujfeqlaeaohdvpywewwcpmcvizksr\">\n<div class=\"brz-column__items brz-css-x60ps4 brz-css-1hiir93\">\n<div id=\"\" class=\"brz-css-5dlm63 brz-wrapper\">\n<div class=\"brz-rich-text brz-rich-text__custom brz-css-1ouqdek\" data-brz-custom-id=\"vgmhobywjrdpkfakkuvtefwmogzwtkweuqiy\">\n<div data-brz-translate-text=\"1\">\n<h3 class=\"brz-tp-lg-heading3 brz-css-ktHV7\" data-uniq-id=\"wytsj\" data-generated-css=\"brz-css-lpsnf\"><span class=\"brz-cp-color3\">Paso 2<\/span><\/h3>\n<\/div>\n<\/div>\n<\/div>\n<div id=\"\" class=\"brz-css-5dlm63 brz-wrapper\">\n<div class=\"brz-rich-text brz-rich-text__custom brz-css-1ouqdek\" data-brz-custom-id=\"hqcduerhihamketzztxqqqiscpbhkxjspezn\">\n<div data-brz-translate-text=\"1\">\n<p class=\"brz-tp-lg-paragraph brz-css-yTGqD\" data-uniq-id=\"lzeyt\" data-generated-css=\"brz-css-grfac\"><span class=\"brz-cp-color2\">Contempla la lectura del d\u00eda propuesta por el pastor de la comunidad que elegiste. Puedes hacerlo en tu espacio de oraci\u00f3n o en cualquier momento del d\u00eda.<\/span><\/p>\n<\/div>\n<\/div>\n<\/div>\n<div id=\"\" class=\"brz-css-5dlm63 brz-css-18oqv22 brz-css-n7h3gu brz-wrapper\">\n<div class=\"brz-spacer brz-css-wy3o88 brz-css-1tunkz\"><\/div>\n<\/div>\n<\/div>\n<\/div>\n<div class=\"brz-columns brz-css-1nclk75 brz-css-m7lvce\" data-brz-custom-id=\"qgkxarrybuocrazhesrstjycqtquqiglibpm\">\n<div class=\"brz-column__items brz-css-x60ps4 brz-css-havwwa\">\n<div id=\"\" class=\"brz-css-5dlm63 brz-wrapper\">\n<div class=\"brz-rich-text brz-rich-text__custom brz-css-1ouqdek\" data-brz-custom-id=\"sfdeducpsmjrwtucviuzofedyjheugwxfavl\">\n<div data-brz-translate-text=\"1\">\n<h3 class=\"brz-tp-lg-heading3 brz-css-nE6T_\" data-uniq-id=\"vibsq\" data-generated-css=\"brz-css-qmued\"><span class=\"brz-cp-color3\">Paso 3<\/span><\/h3>\n<\/div>\n<\/div>\n<\/div>\n<div id=\"\" class=\"brz-css-5dlm63 brz-wrapper\">\n<div class=\"brz-rich-text brz-rich-text__custom brz-css-1ouqdek\" data-brz-custom-id=\"vdbhehlepnqghttfsokncajtzwfektwliuqy\">\n<div data-brz-translate-text=\"1\">\n<p class=\"brz-tp-lg-paragraph brz-css-n6mcQ\" data-uniq-id=\"fsbon\" data-generated-css=\"brz-css-jtbpn\"><a class=\"brz-cp-color2 link--anchor\" href=\"#accion\" data-brz-link-type=\"anchor\">Comenta en la comunidad como est\u00e1s haciendo vida la lectura del d\u00eda o cualquier otro mensaje que sostenga la fe de los dem\u00e1s miembros de tu comunidad.<\/a><\/p>\n<\/div>\n<\/div>\n<\/div>\n<div id=\"\" class=\"brz-css-5dlm63 brz-css-18oqv22 brz-css-1odlr6y brz-wrapper\">\n<div class=\"brz-spacer brz-css-wy3o88 brz-css-inewll\"><\/div>\n<\/div>\n<\/div>\n<\/div>\n<\/div>\n<\/div>\n<\/div>\n<\/div>\n<\/section>\n<\/div>\n<p>    <!-- version:1736956050 --><\/p>","protected":false},"excerpt":{"rendered":"<p>Creemos en el Dios que habl\u00f3 primero. \u00daNETE A LA COMUNIDAD Nuestra misi\u00f3n Atar de nuevo lo que no debi\u00f3 ser desatado&#8230; Fe Jud\u00eda Fe Isl\u00e1mica Fe Cristiana Acci\u00f3n Paso 1 \u00danete al servidor de Nueva Fe en Discord e identifica comunidades de acuerdo a tu religi\u00f3n. \u00danete hoy Paso 2 Contempla la lectura del [&hellip;]<\/p>\n","protected":false},"author":1,"featured_media":184,"parent":0,"menu_order":0,"comment_status":"closed","ping_status":"closed","template":"brizy-blank-template.php","meta":{"footnotes":""},"class_list":["post-5","page","type-page","status-publish","has-post-thumbnail","hentry"],"blocksy_meta":[],"yoast_head":"<!-- This site is optimized with the Yoast SEO plugin v27.5 - https:\/\/yoast.com\/product\/yoast-seo-wordpress\/ -->\n<title>Home - Nueva Fe<\/title>\n<meta name=\"robots\" content=\"index, follow, max-snippet:-1, max-image-preview:large, max-video-preview:-1\" \/>\n<link rel=\"canonical\" href=\"https:\/\/nuevafe.org\/he\/\" \/>\n<meta property=\"og:locale\" content=\"he_IL\" \/>\n<meta property=\"og:type\" content=\"article\" \/>\n<meta property=\"og:title\" content=\"Home - Nueva Fe\" \/>\n<meta property=\"og:description\" content=\"Creemos en el Dios que habl\u00f3 primero. \u00daNETE A LA COMUNIDAD Nuestra misi\u00f3n Atar de nuevo lo que no debi\u00f3 ser desatado&#8230; Fe Jud\u00eda Fe Isl\u00e1mica Fe Cristiana Acci\u00f3n Paso 1 \u00danete al servidor de Nueva Fe en Discord e identifica comunidades de acuerdo a tu religi\u00f3n. \u00danete hoy Paso 2 Contempla la lectura del [&hellip;]\" \/>\n<meta property=\"og:url\" content=\"https:\/\/nuevafe.org\/he\/\" \/>\n<meta property=\"og:site_name\" content=\"Nueva Fe\" \/>\n<meta property=\"article:modified_time\" content=\"2026-04-06T16:36:11+00:00\" \/>\n<meta property=\"og:image\" content=\"https:\/\/nuevafe.org\/wp-content\/uploads\/2023\/09\/7b6ed0f7352388f30ceb3ba1d0104ed0-1.jpg\" \/>\n\t<meta property=\"og:image:width\" content=\"680\" \/>\n\t<meta property=\"og:image:height\" content=\"1020\" \/>\n\t<meta property=\"og:image:type\" content=\"image\/jpeg\" \/>\n<meta name=\"twitter:card\" content=\"summary_large_image\" \/>\n<meta name=\"twitter:label1\" content=\"\u05d6\u05de\u05df \u05e7\u05e8\u05d9\u05d0\u05d4 \u05de\u05d5\u05e2\u05e8\u05da\" \/>\n\t<meta name=\"twitter:data1\" content=\"\u05d3\u05e7\u05d41\" \/>\n<script type=\"application\/ld+json\" class=\"yoast-schema-graph\">{\"@context\":\"https:\\\/\\\/schema.org\",\"@graph\":[{\"@type\":\"WebPage\",\"@id\":\"https:\\\/\\\/nuevafe.org\\\/\",\"url\":\"https:\\\/\\\/nuevafe.org\\\/\",\"name\":\"Home - Nueva Fe\",\"isPartOf\":{\"@id\":\"https:\\\/\\\/nuevafe.org\\\/#website\"},\"primaryImageOfPage\":{\"@id\":\"https:\\\/\\\/nuevafe.org\\\/#primaryimage\"},\"image\":{\"@id\":\"https:\\\/\\\/nuevafe.org\\\/#primaryimage\"},\"thumbnailUrl\":\"https:\\\/\\\/nuevafe.org\\\/wp-content\\\/uploads\\\/2023\\\/09\\\/7b6ed0f7352388f30ceb3ba1d0104ed0-1.jpg\",\"datePublished\":\"2021-12-03T16:05:09+00:00\",\"dateModified\":\"2026-04-06T16:36:11+00:00\",\"breadcrumb\":{\"@id\":\"https:\\\/\\\/nuevafe.org\\\/#breadcrumb\"},\"inLanguage\":\"he-IL\",\"potentialAction\":[{\"@type\":\"ReadAction\",\"target\":[\"https:\\\/\\\/nuevafe.org\\\/\"]}]},{\"@type\":\"ImageObject\",\"inLanguage\":\"he-IL\",\"@id\":\"https:\\\/\\\/nuevafe.org\\\/#primaryimage\",\"url\":\"https:\\\/\\\/nuevafe.org\\\/wp-content\\\/uploads\\\/2023\\\/09\\\/7b6ed0f7352388f30ceb3ba1d0104ed0-1.jpg\",\"contentUrl\":\"https:\\\/\\\/nuevafe.org\\\/wp-content\\\/uploads\\\/2023\\\/09\\\/7b6ed0f7352388f30ceb3ba1d0104ed0-1.jpg\",\"width\":680,\"height\":1020},{\"@type\":\"BreadcrumbList\",\"@id\":\"https:\\\/\\\/nuevafe.org\\\/#breadcrumb\",\"itemListElement\":[{\"@type\":\"ListItem\",\"position\":1,\"name\":\"Home\",\"item\":\"https:\\\/\\\/nuevafe.org\\\/\"},{\"@type\":\"ListItem\",\"position\":2,\"name\":\"Home\"}]},{\"@type\":\"WebSite\",\"@id\":\"https:\\\/\\\/nuevafe.org\\\/#website\",\"url\":\"https:\\\/\\\/nuevafe.org\\\/\",\"name\":\"Nueva Fe\",\"description\":\"Una vuelta renovada a la fe original.\",\"potentialAction\":[{\"@type\":\"SearchAction\",\"target\":{\"@type\":\"EntryPoint\",\"urlTemplate\":\"https:\\\/\\\/nuevafe.org\\\/?s={search_term_string}\"},\"query-input\":{\"@type\":\"PropertyValueSpecification\",\"valueRequired\":true,\"valueName\":\"search_term_string\"}}],\"inLanguage\":\"he-IL\"}]}<\/script>\n<!-- \/ Yoast SEO plugin. -->","yoast_head_json":{"title":"Home - Nueva Fe","robots":{"index":"index","follow":"follow","max-snippet":"max-snippet:-1","max-image-preview":"max-image-preview:large","max-video-preview":"max-video-preview:-1"},"canonical":"https:\/\/nuevafe.org\/he\/","og_locale":"he_IL","og_type":"article","og_title":"Home - Nueva Fe","og_description":"Creemos en el Dios que habl\u00f3 primero. \u00daNETE A LA COMUNIDAD Nuestra misi\u00f3n Atar de nuevo lo que no debi\u00f3 ser desatado&#8230; Fe Jud\u00eda Fe Isl\u00e1mica Fe Cristiana Acci\u00f3n Paso 1 \u00danete al servidor de Nueva Fe en Discord e identifica comunidades de acuerdo a tu religi\u00f3n. \u00danete hoy Paso 2 Contempla la lectura del [&hellip;]","og_url":"https:\/\/nuevafe.org\/he\/","og_site_name":"Nueva Fe","article_modified_time":"2026-04-06T16:36:11+00:00","og_image":[{"width":680,"height":1020,"url":"https:\/\/nuevafe.org\/wp-content\/uploads\/2023\/09\/7b6ed0f7352388f30ceb3ba1d0104ed0-1.jpg","type":"image\/jpeg"}],"twitter_card":"summary_large_image","twitter_misc":{"\u05d6\u05de\u05df \u05e7\u05e8\u05d9\u05d0\u05d4 \u05de\u05d5\u05e2\u05e8\u05da":"\u05d3\u05e7\u05d41"},"schema":{"@context":"https:\/\/schema.org","@graph":[{"@type":"WebPage","@id":"https:\/\/nuevafe.org\/","url":"https:\/\/nuevafe.org\/","name":"Home - Nueva Fe","isPartOf":{"@id":"https:\/\/nuevafe.org\/#website"},"primaryImageOfPage":{"@id":"https:\/\/nuevafe.org\/#primaryimage"},"image":{"@id":"https:\/\/nuevafe.org\/#primaryimage"},"thumbnailUrl":"https:\/\/nuevafe.org\/wp-content\/uploads\/2023\/09\/7b6ed0f7352388f30ceb3ba1d0104ed0-1.jpg","datePublished":"2021-12-03T16:05:09+00:00","dateModified":"2026-04-06T16:36:11+00:00","breadcrumb":{"@id":"https:\/\/nuevafe.org\/#breadcrumb"},"inLanguage":"he-IL","potentialAction":[{"@type":"ReadAction","target":["https:\/\/nuevafe.org\/"]}]},{"@type":"ImageObject","inLanguage":"he-IL","@id":"https:\/\/nuevafe.org\/#primaryimage","url":"https:\/\/nuevafe.org\/wp-content\/uploads\/2023\/09\/7b6ed0f7352388f30ceb3ba1d0104ed0-1.jpg","contentUrl":"https:\/\/nuevafe.org\/wp-content\/uploads\/2023\/09\/7b6ed0f7352388f30ceb3ba1d0104ed0-1.jpg","width":680,"height":1020},{"@type":"BreadcrumbList","@id":"https:\/\/nuevafe.org\/#breadcrumb","itemListElement":[{"@type":"ListItem","position":1,"name":"Home","item":"https:\/\/nuevafe.org\/"},{"@type":"ListItem","position":2,"name":"Home"}]},{"@type":"WebSite","@id":"https:\/\/nuevafe.org\/#website","url":"https:\/\/nuevafe.org\/","name":"Nueva Fe","description":"Una vuelta renovada a la fe original.","potentialAction":[{"@type":"SearchAction","target":{"@type":"EntryPoint","urlTemplate":"https:\/\/nuevafe.org\/?s={search_term_string}"},"query-input":{"@type":"PropertyValueSpecification","valueRequired":true,"valueName":"search_term_string"}}],"inLanguage":"he-IL"}]}},"brizy_media":[{"id":193,"url":"https:\/\/nuevafe.org\/wp-content\/uploads\/2023\/09\/logotipo.jpeg","name":"logotipo.jpeg","meta":{"brizy_attachment_uid":"wp-fee080efab4ce043f2c501f028268e70.jpeg","brizy_post_uid":["582e3c3ea764dff8abc073a48c15555b"]}},{"id":194,"url":"https:\/\/nuevafe.org\/wp-content\/uploads\/2023\/09\/logo-enc.png","name":"logo-enc.png","meta":{"brizy_attachment_uid":"wp-f0f8d0657d5d29c5f7c052d9849144db.png","brizy_post_uid":["582e3c3ea764dff8abc073a48c15555b"]}},{"id":205,"url":"https:\/\/nuevafe.org\/wp-content\/uploads\/2023\/09\/sangarrafa_Abraham_listening_to_the_voice_of_God_for_the_first_time.png","name":"sangarrafa_Abraham_listening_to_the_voice_of_God_for_the_first_time.png","meta":{"brizy_attachment_uid":"wp-66a6ef1f840b3144f9ec1eda5e1dda30.png","brizy_post_uid":["582e3c3ea764dff8abc073a48c15555b"]}},{"id":216,"url":"https:\/\/nuevafe.org\/wp-content\/uploads\/2023\/09\/fe-judia.svg","name":"fe-judia.svg","meta":{"brizy_attachment_uid":"wp-08bb11cbf391a7465d4b421de0063c03.svg","brizy_post_uid":["582e3c3ea764dff8abc073a48c15555b"]}},{"id":217,"url":"https:\/\/nuevafe.org\/wp-content\/uploads\/2023\/09\/fe-islamica.svg","name":"fe-islamica.svg","meta":{"brizy_attachment_uid":"wp-cc5092706aeb4fb6e95b39fd17ecf5bf.svg","brizy_post_uid":["582e3c3ea764dff8abc073a48c15555b"]}},{"id":218,"url":"https:\/\/nuevafe.org\/wp-content\/uploads\/2023\/09\/fe-cristiana.svg","name":"fe-cristiana.svg","meta":{"brizy_attachment_uid":"wp-3ce332c1c0cf28b9881217d885c99688.svg","brizy_post_uid":["582e3c3ea764dff8abc073a48c15555b"]}}],"_links":{"self":[{"href":"https:\/\/nuevafe.org\/he\/wp-json\/wp\/v2\/pages\/5","targetHints":{"allow":["GET"]}}],"collection":[{"href":"https:\/\/nuevafe.org\/he\/wp-json\/wp\/v2\/pages"}],"about":[{"href":"https:\/\/nuevafe.org\/he\/wp-json\/wp\/v2\/types\/page"}],"author":[{"embeddable":true,"href":"https:\/\/nuevafe.org\/he\/wp-json\/wp\/v2\/users\/1"}],"replies":[{"embeddable":true,"href":"https:\/\/nuevafe.org\/he\/wp-json\/wp\/v2\/comments?post=5"}],"version-history":[{"count":5,"href":"https:\/\/nuevafe.org\/he\/wp-json\/wp\/v2\/pages\/5\/revisions"}],"predecessor-version":[{"id":283,"href":"https:\/\/nuevafe.org\/he\/wp-json\/wp\/v2\/pages\/5\/revisions\/283"}],"wp:featuredmedia":[{"embeddable":true,"href":"https:\/\/nuevafe.org\/he\/wp-json\/wp\/v2\/media\/184"}],"wp:attachment":[{"href":"https:\/\/nuevafe.org\/he\/wp-json\/wp\/v2\/media?parent=5"}],"curies":[{"name":"wp","href":"https:\/\/api.w.org\/{rel}","templated":true}]}}